{"id":1676,"date":"2022-02-07T14:48:53","date_gmt":"2022-02-07T14:48:53","guid":{"rendered":"https:\/\/lgsbroker.be\/news\/"},"modified":"2022-06-09T14:30:41","modified_gmt":"2022-06-09T14:30:41","slug":"actualites","status":"publish","type":"page","link":"https:\/\/lgsbroker.be\/fr\/actualites\/","title":{"rendered":"Actualit\u00e9s"},"content":{"rendered":"<p>&nbsp;<\/p>\n<p>&nbsp;<\/p>\n<p>Inform\u00e9 \u00e0 tout moment : D\u00e9couvrez ici toutes les derni\u00e8res informations sur les couvertures d&rsquo;assurance !<\/p>\n","protected":false},"excerpt":{"rendered":"<p>&nbsp; &nbsp; Inform\u00e9 \u00e0 tout moment : D\u00e9couvrez ici toutes les derni\u00e8res informations sur les couvertures d&rsquo;assurance !<\/p>\n","protected":false},"author":1,"featured_media":0,"parent":0,"menu_order":15,"comment_status":"closed","ping_status":"closed","template":"page-news.php","meta":{"footnotes":""},"acf":[],"yoast_head":"<!-- This site is optimized with the Yoast SEO plugin v22.6 - https:\/\/yoast.com\/wordpress\/plugins\/seo\/ -->\n<title>Bien inform\u00e9, mieux assur\u00e9! Toutes nos actualit\u00e9s - LGS &amp; Partners<\/title>\n<meta name=\"description\" content=\"D\u00e9couvrez r\u00e9guli\u00e8rement nos derni\u00e8res actualit\u00e9s: informations r\u00e9centes, conseils utiles &amp; tout ce qu&#039;il faut savoir sur vos assurances.\" \/>\n<meta name=\"robots\" content=\"index, follow, max-snippet:-1, max-image-preview:large, max-video-preview:-1\" \/>\n<link rel=\"canonical\" href=\"https:\/\/lgsbroker.be\/fr\/actualites\/\" \/>\n<meta property=\"og:locale\" content=\"fr_FR\" \/>\n<meta property=\"og:type\" content=\"article\" \/>\n<meta property=\"og:title\" content=\"Bien inform\u00e9, mieux assur\u00e9! Toutes nos actualit\u00e9s - LGS &amp; Partners\" \/>\n<meta property=\"og:description\" content=\"D\u00e9couvrez r\u00e9guli\u00e8rement nos derni\u00e8res actualit\u00e9s: informations r\u00e9centes, conseils utiles &amp; tout ce qu&#039;il faut savoir sur vos assurances.\" \/>\n<meta property=\"og:url\" content=\"https:\/\/lgsbroker.be\/fr\/actualites\/\" \/>\n<meta property=\"og:site_name\" content=\"LGS broker\" \/>\n<meta property=\"article:modified_time\" content=\"2022-06-09T14:30:41+00:00\" \/>\n<meta name=\"twitter:card\" content=\"summary_large_image\" \/>\n<meta name=\"twitter:label1\" content=\"Dur\u00e9e de lecture estim\u00e9e\" \/>\n\t<meta name=\"twitter:data1\" content=\"1 minute\" \/>\n<script type=\"application\/ld+json\" class=\"yoast-schema-graph\">{\"@context\":\"https:\/\/schema.org\",\"@graph\":[{\"@type\":\"WebPage\",\"@id\":\"https:\/\/lgsbroker.be\/fr\/actualites\/\",\"url\":\"https:\/\/lgsbroker.be\/fr\/actualites\/\",\"name\":\"Bien inform\u00e9, mieux assur\u00e9! Toutes nos actualit\u00e9s - LGS & Partners\",\"isPartOf\":{\"@id\":\"https:\/\/lgsbroker.be\/#website\"},\"datePublished\":\"2022-02-07T14:48:53+00:00\",\"dateModified\":\"2022-06-09T14:30:41+00:00\",\"description\":\"D\u00e9couvrez r\u00e9guli\u00e8rement nos derni\u00e8res actualit\u00e9s: informations r\u00e9centes, conseils utiles & tout ce qu'il faut savoir sur vos assurances.\",\"breadcrumb\":{\"@id\":\"https:\/\/lgsbroker.be\/fr\/actualites\/#breadcrumb\"},\"inLanguage\":\"fr-FR\",\"potentialAction\":[{\"@type\":\"ReadAction\",\"target\":[\"https:\/\/lgsbroker.be\/fr\/actualites\/\"]}]},{\"@type\":\"BreadcrumbList\",\"@id\":\"https:\/\/lgsbroker.be\/fr\/actualites\/#breadcrumb\",\"itemListElement\":[{\"@type\":\"ListItem\",\"position\":1,\"name\":\"Accueil\",\"item\":\"https:\/\/lgsbroker.be\/fr\/\"},{\"@type\":\"ListItem\",\"position\":2,\"name\":\"Actualit\u00e9s\"}]},{\"@type\":\"WebSite\",\"@id\":\"https:\/\/lgsbroker.be\/#website\",\"url\":\"https:\/\/lgsbroker.be\/\",\"name\":\"LGS broker\",\"description\":\"LGS-broker\",\"potentialAction\":[{\"@type\":\"SearchAction\",\"target\":{\"@type\":\"EntryPoint\",\"urlTemplate\":\"https:\/\/lgsbroker.be\/?s={search_term_string}\"},\"query-input\":\"required name=search_term_string\"}],\"inLanguage\":\"fr-FR\"}]}<\/script>\n<!-- \/ Yoast SEO plugin. -->","yoast_head_json":{"title":"Bien inform\u00e9, mieux assur\u00e9! Toutes nos actualit\u00e9s - LGS & Partners","description":"D\u00e9couvrez r\u00e9guli\u00e8rement nos derni\u00e8res actualit\u00e9s: informations r\u00e9centes, conseils utiles & tout ce qu'il faut savoir sur vos assurances.","robots":{"index":"index","follow":"follow","max-snippet":"max-snippet:-1","max-image-preview":"max-image-preview:large","max-video-preview":"max-video-preview:-1"},"canonical":"https:\/\/lgsbroker.be\/fr\/actualites\/","og_locale":"fr_FR","og_type":"article","og_title":"Bien inform\u00e9, mieux assur\u00e9! Toutes nos actualit\u00e9s - LGS & Partners","og_description":"D\u00e9couvrez r\u00e9guli\u00e8rement nos derni\u00e8res actualit\u00e9s: informations r\u00e9centes, conseils utiles & tout ce qu'il faut savoir sur vos assurances.","og_url":"https:\/\/lgsbroker.be\/fr\/actualites\/","og_site_name":"LGS broker","article_modified_time":"2022-06-09T14:30:41+00:00","twitter_card":"summary_large_image","twitter_misc":{"Dur\u00e9e de lecture estim\u00e9e":"1 minute"},"schema":{"@context":"https:\/\/schema.org","@graph":[{"@type":"WebPage","@id":"https:\/\/lgsbroker.be\/fr\/actualites\/","url":"https:\/\/lgsbroker.be\/fr\/actualites\/","name":"Bien inform\u00e9, mieux assur\u00e9! Toutes nos actualit\u00e9s - LGS & Partners","isPartOf":{"@id":"https:\/\/lgsbroker.be\/#website"},"datePublished":"2022-02-07T14:48:53+00:00","dateModified":"2022-06-09T14:30:41+00:00","description":"D\u00e9couvrez r\u00e9guli\u00e8rement nos derni\u00e8res actualit\u00e9s: informations r\u00e9centes, conseils utiles & tout ce qu'il faut savoir sur vos assurances.","breadcrumb":{"@id":"https:\/\/lgsbroker.be\/fr\/actualites\/#breadcrumb"},"inLanguage":"fr-FR","potentialAction":[{"@type":"ReadAction","target":["https:\/\/lgsbroker.be\/fr\/actualites\/"]}]},{"@type":"BreadcrumbList","@id":"https:\/\/lgsbroker.be\/fr\/actualites\/#breadcrumb","itemListElement":[{"@type":"ListItem","position":1,"name":"Accueil","item":"https:\/\/lgsbroker.be\/fr\/"},{"@type":"ListItem","position":2,"name":"Actualit\u00e9s"}]},{"@type":"WebSite","@id":"https:\/\/lgsbroker.be\/#website","url":"https:\/\/lgsbroker.be\/","name":"LGS broker","description":"LGS-broker","potentialAction":[{"@type":"SearchAction","target":{"@type":"EntryPoint","urlTemplate":"https:\/\/lgsbroker.be\/?s={search_term_string}"},"query-input":"required name=search_term_string"}],"inLanguage":"fr-FR"}]}},"_links":{"self":[{"href":"https:\/\/lgsbroker.be\/fr\/wp-json\/wp\/v2\/pages\/1676"}],"collection":[{"href":"https:\/\/lgsbroker.be\/fr\/wp-json\/wp\/v2\/pages"}],"about":[{"href":"https:\/\/lgsbroker.be\/fr\/wp-json\/wp\/v2\/types\/page"}],"author":[{"embeddable":true,"href":"https:\/\/lgsbroker.be\/fr\/wp-json\/wp\/v2\/users\/1"}],"replies":[{"embeddable":true,"href":"https:\/\/lgsbroker.be\/fr\/wp-json\/wp\/v2\/comments?post=1676"}],"version-history":[{"count":0,"href":"https:\/\/lgsbroker.be\/fr\/wp-json\/wp\/v2\/pages\/1676\/revisions"}],"wp:attachment":[{"href":"https:\/\/lgsbroker.be\/fr\/wp-json\/wp\/v2\/media?parent=1676"}],"curies":[{"name":"wp","href":"https:\/\/api.w.org\/{rel}","templated":true}]}}